{"id":25200,"date":"2023-11-21T16:05:28","date_gmt":"2023-11-21T16:05:28","guid":{"rendered":"https:\/\/titancontainers.ch\/fr\/faq\/"},"modified":"2026-02-11T21:15:49","modified_gmt":"2026-02-11T21:15:49","slug":"faq","status":"publish","type":"page","link":"https:\/\/titancontainers.ch\/fr\/faq\/","title":{"rendered":"Foire aux questions"},"content":{"rendered":"<div class=\"entry_content clear\">\n<p class=\"p1\" style=\"text-align: center;\">Vous recherchez des r\u00e9ponses rapides \u00e0 toutes vos questions, des frais de location aux r\u00e8gles de stockage\u00a0?<\/p>\n<p>Commencez par consulter les questions les plus fr\u00e9quemment pos\u00e9es par nos clients.<\/p>\n<\/div>\n","protected":false},"excerpt":{"rendered":"<p>Vous recherchez des r\u00e9ponses rapides \u00e0 toutes vos questions, des frais de location aux r\u00e8gles de stockage\u00a0? Commencez par consulter les questions les plus fr\u00e9quemment pos\u00e9es par nos clients.<\/p>\n","protected":false},"author":1,"featured_media":0,"parent":0,"menu_order":0,"comment_status":"closed","ping_status":"closed","template":"page-templates\/faq_list.php","meta":{"footnotes":""},"class_list":["post-25200","page","type-page","status-publish","hentry"],"yoast_head":"<title>FAQ sur les conteneurs et le self-stockage<\/title>\n<meta name=\"description\" content=\"FAQ TITAN : D\u00e9couvrez les prix, tailles et livraison de conteneurs en Suisse. Achetez ou louez facilement avec nos conseils experts!\" \/>\n<meta name=\"robots\" content=\"index, follow, max-snippet:-1, max-image-preview:large, max-video-preview:-1\" \/>\n<link rel=\"canonical\" href=\"https:\/\/titancontainers.ch\/fr\/faq\/\" \/>\n<meta property=\"og:locale\" content=\"fr_CH\" \/>\n<meta property=\"og:type\" content=\"article\" \/>\n<meta property=\"og:title\" content=\"FAQ sur les conteneurs et le self-stockage\" \/>\n<meta property=\"og:description\" content=\"FAQ TITAN : D\u00e9couvrez les prix, tailles et livraison de conteneurs en Suisse. Achetez ou louez facilement avec nos conseils experts!\" \/>\n<meta property=\"og:url\" content=\"https:\/\/titancontainers.ch\/fr\/faq\/\" \/>\n<meta property=\"og:site_name\" content=\"TITAN Containers Suisse\" \/>\n<meta property=\"article:publisher\" content=\"https:\/\/www.facebook.com\/TITANcontainersGlobal\" \/>\n<meta property=\"article:modified_time\" content=\"2026-02-11T21:15:49+00:00\" \/>\n<meta name=\"twitter:card\" content=\"summary_large_image\" \/>\n<meta name=\"twitter:title\" content=\"FAQ sur les conteneurs et le self-stockage\" \/>\n<meta name=\"twitter:description\" content=\"FAQ TITAN : D\u00e9couvrez les prix, tailles et livraison de conteneurs en Suisse. Achetez ou louez facilement avec nos conseils experts!\" \/>\n<meta name=\"twitter:site\" content=\"@TITANContainer\" \/>\n<meta name=\"twitter:label1\" content=\"Est. reading time\" \/>\n\t<meta name=\"twitter:data1\" content=\"1 minute\" \/>","yoast_head_json":{"title":"FAQ sur les conteneurs et le self-stockage","description":"FAQ TITAN : D\u00e9couvrez les prix, tailles et livraison de conteneurs en Suisse. Achetez ou louez facilement avec nos conseils experts!","robots":{"index":"index","follow":"follow","max-snippet":"max-snippet:-1","max-image-preview":"max-image-preview:large","max-video-preview":"max-video-preview:-1"},"canonical":"https:\/\/titancontainers.ch\/fr\/faq\/","og_locale":"fr_CH","og_type":"article","og_title":"FAQ sur les conteneurs et le self-stockage","og_description":"FAQ TITAN : D\u00e9couvrez les prix, tailles et livraison de conteneurs en Suisse. Achetez ou louez facilement avec nos conseils experts!","og_url":"https:\/\/titancontainers.ch\/fr\/faq\/","og_site_name":"TITAN Containers Suisse","article_publisher":"https:\/\/www.facebook.com\/TITANcontainersGlobal","article_modified_time":"2026-02-11T21:15:49+00:00","twitter_card":"summary_large_image","twitter_title":"FAQ sur les conteneurs et le self-stockage","twitter_description":"FAQ TITAN : D\u00e9couvrez les prix, tailles et livraison de conteneurs en Suisse. Achetez ou louez facilement avec nos conseils experts!","twitter_site":"@TITANContainer","twitter_misc":{"Est. reading time":"1 minute"},"schema":{"@context":"https:\/\/schema.org","@graph":[{"@type":"WebPage","@id":"https:\/\/titancontainers.ch\/fr\/faq\/","url":"https:\/\/titancontainers.ch\/fr\/faq\/","name":"FAQ sur les conteneurs et le self-stockage","isPartOf":{"@id":"https:\/\/titancontainers.ch\/fr\/#website"},"datePublished":"2023-11-21T16:05:28+00:00","dateModified":"2026-02-11T21:15:49+00:00","description":"FAQ TITAN : D\u00e9couvrez les prix, tailles et livraison de conteneurs en Suisse. Achetez ou louez facilement avec nos conseils experts!","breadcrumb":{"@id":"https:\/\/titancontainers.ch\/fr\/faq\/#breadcrumb"},"inLanguage":"fr-CH","potentialAction":[{"@type":"ReadAction","target":["https:\/\/titancontainers.ch\/fr\/faq\/"]}]},{"@type":"BreadcrumbList","@id":"https:\/\/titancontainers.ch\/fr\/faq\/#breadcrumb","itemListElement":[{"@type":"ListItem","position":1,"name":"Home","item":"https:\/\/titancontainers.ch\/fr\/"},{"@type":"ListItem","position":2,"name":"Foire aux questions"}]},{"@type":"WebSite","@id":"https:\/\/titancontainers.ch\/fr\/#website","url":"https:\/\/titancontainers.ch\/fr\/","name":"TITAN Containers Suisse","description":"","publisher":{"@id":"https:\/\/titancontainers.ch\/fr\/#organization"},"alternateName":"TITAN","potentialAction":[{"@type":"SearchAction","target":{"@type":"EntryPoint","urlTemplate":"https:\/\/titancontainers.ch\/fr\/?s={search_term_string}"},"query-input":{"@type":"PropertyValueSpecification","valueRequired":true,"valueName":"search_term_string"}}],"inLanguage":"fr-CH"},{"@type":"Organization","@id":"https:\/\/titancontainers.ch\/fr\/#organization","name":"TITAN Containers","alternateName":"TITAN","url":"https:\/\/titancontainers.ch\/fr\/","logo":{"@type":"ImageObject","inLanguage":"fr-CH","@id":"https:\/\/titancontainers.ch\/fr\/#\/schema\/logo\/image\/","url":"https:\/\/titancontainers.ch\/fr\/wp-content\/uploads\/2024\/04\/TITAN-Logo_696x696px-01.jpg","contentUrl":"https:\/\/titancontainers.ch\/fr\/wp-content\/uploads\/2024\/04\/TITAN-Logo_696x696px-01.jpg","width":696,"height":696,"caption":"TITAN Containers"},"image":{"@id":"https:\/\/titancontainers.ch\/fr\/#\/schema\/logo\/image\/"},"sameAs":["https:\/\/www.facebook.com\/TITANcontainersGlobal","https:\/\/x.com\/TITANContainer","https:\/\/www.linkedin.com\/company\/titan-containers-a-s\/"]}]}},"_links":{"self":[{"href":"https:\/\/titancontainers.ch\/fr\/wp-json\/wp\/v2\/pages\/25200","targetHints":{"allow":["GET"]}}],"collection":[{"href":"https:\/\/titancontainers.ch\/fr\/wp-json\/wp\/v2\/pages"}],"about":[{"href":"https:\/\/titancontainers.ch\/fr\/wp-json\/wp\/v2\/types\/page"}],"author":[{"embeddable":true,"href":"https:\/\/titancontainers.ch\/fr\/wp-json\/wp\/v2\/users\/1"}],"replies":[{"embeddable":true,"href":"https:\/\/titancontainers.ch\/fr\/wp-json\/wp\/v2\/comments?post=25200"}],"version-history":[{"count":1,"href":"https:\/\/titancontainers.ch\/fr\/wp-json\/wp\/v2\/pages\/25200\/revisions"}],"predecessor-version":[{"id":27588,"href":"https:\/\/titancontainers.ch\/fr\/wp-json\/wp\/v2\/pages\/25200\/revisions\/27588"}],"wp:attachment":[{"href":"https:\/\/titancontainers.ch\/fr\/wp-json\/wp\/v2\/media?parent=25200"}],"curies":[{"name":"wp","href":"https:\/\/api.w.org\/{rel}","templated":true}]}}