{"id":25194,"date":"2023-11-22T13:38:03","date_gmt":"2023-11-22T13:38:03","guid":{"rendered":"https:\/\/titancontainers.ch\/fr\/tout-savoir-sur-les-conteneurs\/"},"modified":"2026-03-27T15:45:32","modified_gmt":"2026-03-27T15:45:32","slug":"tout-savoir-sur-les-conteneurs","status":"publish","type":"page","link":"https:\/\/titancontainers.ch\/fr\/faq\/tout-savoir-sur-les-conteneurs\/","title":{"rendered":"Tout savoir sur les conteneurs"},"content":{"rendered":"<div class=\"entry_content clear\">\n<p class=\"p1\">Taille, \u00e9tat, couleur, am\u00e9nagement, etc.<\/p>\n<\/div>\n","protected":false},"excerpt":{"rendered":"<p>Taille, \u00e9tat, couleur, am\u00e9nagement, etc.<\/p>\n","protected":false},"author":1,"featured_media":0,"parent":25200,"menu_order":2,"comment_status":"closed","ping_status":"closed","template":"page-templates\/faq_single.php","meta":{"footnotes":""},"class_list":["post-25194","page","type-page","status-publish","hentry"],"yoast_head":"<title>Tout savoir sur les conteneurs -\u00a0FAQ | TITAN<\/title>\n<meta name=\"description\" content=\"Apprenez tout sur les conteneurs, leurs usages et crit\u00e8res de choix \u2014 obtenez des r\u00e9ponses claires et passez \u00e0 l\u2019action d\u00e8s maintenant.\" \/>\n<meta name=\"robots\" content=\"index, follow, max-snippet:-1, max-image-preview:large, max-video-preview:-1\" \/>\n<link rel=\"canonical\" href=\"https:\/\/titancontainers.ch\/fr\/faq\/tout-savoir-sur-les-conteneurs\/\" \/>\n<meta property=\"og:locale\" content=\"fr_CH\" \/>\n<meta property=\"og:type\" content=\"article\" \/>\n<meta property=\"og:title\" content=\"Tout savoir sur les conteneurs -\u00a0Taille, \u00e9tat, couleur, etc.\" \/>\n<meta property=\"og:description\" content=\"Obtenez des r\u00e9ponses \u00e0 toutes vos questions concernant la location de conteneurs, la vente de conteneurs et le self-stockage. D\u00e9couvrez le d\u00e9tail de nos tarifs et bien plus encore.\" \/>\n<meta property=\"og:url\" content=\"https:\/\/titancontainers.ch\/fr\/faq\/tout-savoir-sur-les-conteneurs\/\" \/>\n<meta property=\"og:site_name\" content=\"TITAN Containers Suisse\" \/>\n<meta property=\"article:publisher\" content=\"https:\/\/www.facebook.com\/TITANcontainersGlobal\" \/>\n<meta property=\"article:modified_time\" content=\"2026-03-27T15:45:32+00:00\" \/>\n<meta name=\"twitter:card\" content=\"summary_large_image\" \/>\n<meta name=\"twitter:title\" content=\"Tout savoir sur les conteneurs -\u00a0Taille, \u00e9tat, couleur, etc.\" \/>\n<meta name=\"twitter:description\" content=\"Obtenez des r\u00e9ponses \u00e0 toutes vos questions concernant la location de conteneurs, la vente de conteneurs et le self-stockage. D\u00e9couvrez le d\u00e9tail de nos tarifs et bien plus encore.\" \/>\n<meta name=\"twitter:site\" content=\"@TITANContainer\" \/>\n<meta name=\"twitter:label1\" content=\"Est. reading time\" \/>\n\t<meta name=\"twitter:data1\" content=\"1 minute\" \/>","yoast_head_json":{"title":"Tout savoir sur les conteneurs -\u00a0FAQ | TITAN","description":"Apprenez tout sur les conteneurs, leurs usages et crit\u00e8res de choix \u2014 obtenez des r\u00e9ponses claires et passez \u00e0 l\u2019action d\u00e8s maintenant.","robots":{"index":"index","follow":"follow","max-snippet":"max-snippet:-1","max-image-preview":"max-image-preview:large","max-video-preview":"max-video-preview:-1"},"canonical":"https:\/\/titancontainers.ch\/fr\/faq\/tout-savoir-sur-les-conteneurs\/","og_locale":"fr_CH","og_type":"article","og_title":"Tout savoir sur les conteneurs -\u00a0Taille, \u00e9tat, couleur, etc.","og_description":"Obtenez des r\u00e9ponses \u00e0 toutes vos questions concernant la location de conteneurs, la vente de conteneurs et le self-stockage. D\u00e9couvrez le d\u00e9tail de nos tarifs et bien plus encore.","og_url":"https:\/\/titancontainers.ch\/fr\/faq\/tout-savoir-sur-les-conteneurs\/","og_site_name":"TITAN Containers Suisse","article_publisher":"https:\/\/www.facebook.com\/TITANcontainersGlobal","article_modified_time":"2026-03-27T15:45:32+00:00","twitter_card":"summary_large_image","twitter_title":"Tout savoir sur les conteneurs -\u00a0Taille, \u00e9tat, couleur, etc.","twitter_description":"Obtenez des r\u00e9ponses \u00e0 toutes vos questions concernant la location de conteneurs, la vente de conteneurs et le self-stockage. D\u00e9couvrez le d\u00e9tail de nos tarifs et bien plus encore.","twitter_site":"@TITANContainer","twitter_misc":{"Est. reading time":"1 minute"},"schema":{"@context":"https:\/\/schema.org","@graph":[{"@type":"WebPage","@id":"https:\/\/titancontainers.ch\/fr\/faq\/tout-savoir-sur-les-conteneurs\/","url":"https:\/\/titancontainers.ch\/fr\/faq\/tout-savoir-sur-les-conteneurs\/","name":"Tout savoir sur les conteneurs -\u00a0FAQ | TITAN","isPartOf":{"@id":"https:\/\/titancontainers.ch\/fr\/#website"},"datePublished":"2023-11-22T13:38:03+00:00","dateModified":"2026-03-27T15:45:32+00:00","description":"Apprenez tout sur les conteneurs, leurs usages et crit\u00e8res de choix \u2014 obtenez des r\u00e9ponses claires et passez \u00e0 l\u2019action d\u00e8s maintenant.","breadcrumb":{"@id":"https:\/\/titancontainers.ch\/fr\/faq\/tout-savoir-sur-les-conteneurs\/#breadcrumb"},"inLanguage":"fr-CH","potentialAction":[{"@type":"ReadAction","target":["https:\/\/titancontainers.ch\/fr\/faq\/tout-savoir-sur-les-conteneurs\/"]}]},{"@type":"BreadcrumbList","@id":"https:\/\/titancontainers.ch\/fr\/faq\/tout-savoir-sur-les-conteneurs\/#breadcrumb","itemListElement":[{"@type":"ListItem","position":1,"name":"Home","item":"https:\/\/titancontainers.ch\/fr\/"},{"@type":"ListItem","position":2,"name":"Foire aux questions","item":"https:\/\/titancontainers.ch\/fr\/faq\/"},{"@type":"ListItem","position":3,"name":"Tout savoir sur les conteneurs"}]},{"@type":"WebSite","@id":"https:\/\/titancontainers.ch\/fr\/#website","url":"https:\/\/titancontainers.ch\/fr\/","name":"TITAN Containers Suisse","description":"","publisher":{"@id":"https:\/\/titancontainers.ch\/fr\/#organization"},"alternateName":"TITAN","potentialAction":[{"@type":"SearchAction","target":{"@type":"EntryPoint","urlTemplate":"https:\/\/titancontainers.ch\/fr\/?s={search_term_string}"},"query-input":{"@type":"PropertyValueSpecification","valueRequired":true,"valueName":"search_term_string"}}],"inLanguage":"fr-CH"},{"@type":"Organization","@id":"https:\/\/titancontainers.ch\/fr\/#organization","name":"TITAN Containers","alternateName":"TITAN","url":"https:\/\/titancontainers.ch\/fr\/","logo":{"@type":"ImageObject","inLanguage":"fr-CH","@id":"https:\/\/titancontainers.ch\/fr\/#\/schema\/logo\/image\/","url":"https:\/\/titancontainers.ch\/fr\/wp-content\/uploads\/2024\/04\/TITAN-Logo_696x696px-01.jpg","contentUrl":"https:\/\/titancontainers.ch\/fr\/wp-content\/uploads\/2024\/04\/TITAN-Logo_696x696px-01.jpg","width":696,"height":696,"caption":"TITAN Containers"},"image":{"@id":"https:\/\/titancontainers.ch\/fr\/#\/schema\/logo\/image\/"},"sameAs":["https:\/\/www.facebook.com\/TITANcontainersGlobal","https:\/\/x.com\/TITANContainer","https:\/\/www.linkedin.com\/company\/titan-containers-a-s\/"]}]}},"_links":{"self":[{"href":"https:\/\/titancontainers.ch\/fr\/wp-json\/wp\/v2\/pages\/25194","targetHints":{"allow":["GET"]}}],"collection":[{"href":"https:\/\/titancontainers.ch\/fr\/wp-json\/wp\/v2\/pages"}],"about":[{"href":"https:\/\/titancontainers.ch\/fr\/wp-json\/wp\/v2\/types\/page"}],"author":[{"embeddable":true,"href":"https:\/\/titancontainers.ch\/fr\/wp-json\/wp\/v2\/users\/1"}],"replies":[{"embeddable":true,"href":"https:\/\/titancontainers.ch\/fr\/wp-json\/wp\/v2\/comments?post=25194"}],"version-history":[{"count":2,"href":"https:\/\/titancontainers.ch\/fr\/wp-json\/wp\/v2\/pages\/25194\/revisions"}],"predecessor-version":[{"id":27597,"href":"https:\/\/titancontainers.ch\/fr\/wp-json\/wp\/v2\/pages\/25194\/revisions\/27597"}],"up":[{"embeddable":true,"href":"https:\/\/titancontainers.ch\/fr\/wp-json\/wp\/v2\/pages\/25200"}],"wp:attachment":[{"href":"https:\/\/titancontainers.ch\/fr\/wp-json\/wp\/v2\/media?parent=25194"}],"curies":[{"name":"wp","href":"https:\/\/api.w.org\/{rel}","templated":true}]}}