{"id":25003,"date":"2023-11-01T12:58:14","date_gmt":"2023-11-01T12:58:14","guid":{"rendered":"https:\/\/titancontainers.ch\/fr\/a-propos\/"},"modified":"2026-03-12T11:27:03","modified_gmt":"2026-03-12T11:27:03","slug":"a-propos","status":"publish","type":"page","link":"https:\/\/titancontainers.ch\/fr\/a-propos\/","title":{"rendered":"\u00c0 PROPOS DE TITAN CONTAINERS"},"content":{"rendered":"<div class=\"entry_content clear\">\n<p>Leader dans le domaine des solutions de stockage \u00e0 l\u2019international depuis plus de 35\u00a0ans.<\/p>\n<\/div>\n","protected":false},"excerpt":{"rendered":"<p>Leader dans le domaine des solutions de stockage \u00e0 l\u2019international depuis plus de 35\u00a0ans.<\/p>\n","protected":false},"author":1,"featured_media":26925,"parent":0,"menu_order":0,"comment_status":"closed","ping_status":"closed","template":"","meta":{"footnotes":""},"class_list":["post-25003","page","type-page","status-publish","has-post-thumbnail","hentry"],"yoast_head":"<title>\u00c0 propos de TITAN Containers -\u00a0Notre entreprise<\/title>\n<meta name=\"description\" content=\"D\u00e9couvrez qui nous sommes, notre expertise en conteneurs et ce qui nous motive \u2014 apprenez \u00e0 nous conna\u00eetre et contactez-nous d\u00e8s aujourd\u2019hui.\" \/>\n<meta name=\"robots\" content=\"index, follow, max-snippet:-1, max-image-preview:large, max-video-preview:-1\" \/>\n<link rel=\"canonical\" href=\"https:\/\/titancontainers.ch\/fr\/a-propos\/\" \/>\n<meta property=\"og:locale\" content=\"fr_CH\" \/>\n<meta property=\"og:type\" content=\"article\" \/>\n<meta property=\"og:title\" content=\"\u00c0 propos de TITAN Containers -\u00a0Notre entreprise\" \/>\n<meta property=\"og:description\" content=\"Fond\u00e9e en 1987, TITAN est une entreprise leader dans le domaine des solutions de stockage \u00e0 l\u2019international. Avec 6\u00a0marques et 50\u00a0000\u00a0conteneurs, nous sommes pr\u00e9sents dans 90\u00a0pays.\" \/>\n<meta property=\"og:url\" content=\"https:\/\/titancontainers.ch\/fr\/a-propos\/\" \/>\n<meta property=\"og:site_name\" content=\"TITAN Containers Suisse\" \/>\n<meta property=\"article:publisher\" content=\"https:\/\/www.facebook.com\/TITANcontainersGlobal\" \/>\n<meta property=\"article:modified_time\" content=\"2026-03-12T11:27:03+00:00\" \/>\n<meta property=\"og:image\" content=\"https:\/\/titancontainers.ch\/fr\/wp-content\/uploads\/2024\/01\/Shipping_Container-300x300.jpg\" \/>\n<meta name=\"twitter:card\" content=\"summary_large_image\" \/>\n<meta name=\"twitter:title\" content=\"\u00c0 propos de TITAN Containers -\u00a0Notre entreprise\" \/>\n<meta name=\"twitter:description\" content=\"Fond\u00e9e en 1987, TITAN est une entreprise leader dans le domaine des solutions de stockage \u00e0 l\u2019international. Avec 6\u00a0marques et 50\u00a0000\u00a0conteneurs, nous sommes pr\u00e9sents dans 90\u00a0pays.\" \/>\n<meta name=\"twitter:image\" content=\"https:\/\/titancontainers.ch\/fr\/wp-content\/uploads\/2024\/01\/Shipping_Container-1024x1024.jpg\" \/>\n<meta name=\"twitter:site\" content=\"@TITANContainer\" \/>\n<meta name=\"twitter:label1\" content=\"Est. reading time\" \/>\n\t<meta name=\"twitter:data1\" content=\"1 minute\" \/>","yoast_head_json":{"title":"\u00c0 propos de TITAN Containers -\u00a0Notre entreprise","description":"D\u00e9couvrez qui nous sommes, notre expertise en conteneurs et ce qui nous motive \u2014 apprenez \u00e0 nous conna\u00eetre et contactez-nous d\u00e8s aujourd\u2019hui.","robots":{"index":"index","follow":"follow","max-snippet":"max-snippet:-1","max-image-preview":"max-image-preview:large","max-video-preview":"max-video-preview:-1"},"canonical":"https:\/\/titancontainers.ch\/fr\/a-propos\/","og_locale":"fr_CH","og_type":"article","og_title":"\u00c0 propos de TITAN Containers -\u00a0Notre entreprise","og_description":"Fond\u00e9e en 1987, TITAN est une entreprise leader dans le domaine des solutions de stockage \u00e0 l\u2019international. Avec 6\u00a0marques et 50\u00a0000\u00a0conteneurs, nous sommes pr\u00e9sents dans 90\u00a0pays.","og_url":"https:\/\/titancontainers.ch\/fr\/a-propos\/","og_site_name":"TITAN Containers Suisse","article_publisher":"https:\/\/www.facebook.com\/TITANcontainersGlobal","article_modified_time":"2026-03-12T11:27:03+00:00","og_image":[{"url":"https:\/\/titancontainers.ch\/fr\/wp-content\/uploads\/2024\/01\/Shipping_Container-300x300.jpg","type":"","width":"","height":""}],"twitter_card":"summary_large_image","twitter_title":"\u00c0 propos de TITAN Containers -\u00a0Notre entreprise","twitter_description":"Fond\u00e9e en 1987, TITAN est une entreprise leader dans le domaine des solutions de stockage \u00e0 l\u2019international. Avec 6\u00a0marques et 50\u00a0000\u00a0conteneurs, nous sommes pr\u00e9sents dans 90\u00a0pays.","twitter_image":"https:\/\/titancontainers.ch\/fr\/wp-content\/uploads\/2024\/01\/Shipping_Container-1024x1024.jpg","twitter_site":"@TITANContainer","twitter_misc":{"Est. reading time":"1 minute"},"schema":{"@context":"https:\/\/schema.org","@graph":[{"@type":"WebPage","@id":"https:\/\/titancontainers.ch\/fr\/a-propos\/","url":"https:\/\/titancontainers.ch\/fr\/a-propos\/","name":"\u00c0 propos de TITAN Containers -\u00a0Notre entreprise","isPartOf":{"@id":"https:\/\/titancontainers.ch\/fr\/#website"},"primaryImageOfPage":{"@id":"https:\/\/titancontainers.ch\/fr\/a-propos\/#primaryimage"},"image":{"@id":"https:\/\/titancontainers.ch\/fr\/a-propos\/#primaryimage"},"thumbnailUrl":"https:\/\/titancontainers.ch\/fr\/wp-content\/uploads\/2025\/05\/TITAN-Containers-Brand-Video_placeholder_desktop.jpg","datePublished":"2023-11-01T12:58:14+00:00","dateModified":"2026-03-12T11:27:03+00:00","description":"D\u00e9couvrez qui nous sommes, notre expertise en conteneurs et ce qui nous motive \u2014 apprenez \u00e0 nous conna\u00eetre et contactez-nous d\u00e8s aujourd\u2019hui.","breadcrumb":{"@id":"https:\/\/titancontainers.ch\/fr\/a-propos\/#breadcrumb"},"inLanguage":"fr-CH","potentialAction":[{"@type":"ReadAction","target":["https:\/\/titancontainers.ch\/fr\/a-propos\/"]}]},{"@type":"ImageObject","inLanguage":"fr-CH","@id":"https:\/\/titancontainers.ch\/fr\/a-propos\/#primaryimage","url":"https:\/\/titancontainers.ch\/fr\/wp-content\/uploads\/2025\/05\/TITAN-Containers-Brand-Video_placeholder_desktop.jpg","contentUrl":"https:\/\/titancontainers.ch\/fr\/wp-content\/uploads\/2025\/05\/TITAN-Containers-Brand-Video_placeholder_desktop.jpg","width":1920,"height":600,"caption":"TITAN Containers Brand Video image"},{"@type":"BreadcrumbList","@id":"https:\/\/titancontainers.ch\/fr\/a-propos\/#breadcrumb","itemListElement":[{"@type":"ListItem","position":1,"name":"Home","item":"https:\/\/titancontainers.ch\/fr\/"},{"@type":"ListItem","position":2,"name":"\u00c0 PROPOS DE TITAN CONTAINERS"}]},{"@type":"WebSite","@id":"https:\/\/titancontainers.ch\/fr\/#website","url":"https:\/\/titancontainers.ch\/fr\/","name":"TITAN Containers Suisse","description":"","publisher":{"@id":"https:\/\/titancontainers.ch\/fr\/#organization"},"alternateName":"TITAN","potentialAction":[{"@type":"SearchAction","target":{"@type":"EntryPoint","urlTemplate":"https:\/\/titancontainers.ch\/fr\/?s={search_term_string}"},"query-input":{"@type":"PropertyValueSpecification","valueRequired":true,"valueName":"search_term_string"}}],"inLanguage":"fr-CH"},{"@type":"Organization","@id":"https:\/\/titancontainers.ch\/fr\/#organization","name":"TITAN Containers","alternateName":"TITAN","url":"https:\/\/titancontainers.ch\/fr\/","logo":{"@type":"ImageObject","inLanguage":"fr-CH","@id":"https:\/\/titancontainers.ch\/fr\/#\/schema\/logo\/image\/","url":"https:\/\/titancontainers.ch\/fr\/wp-content\/uploads\/2024\/04\/TITAN-Logo_696x696px-01.jpg","contentUrl":"https:\/\/titancontainers.ch\/fr\/wp-content\/uploads\/2024\/04\/TITAN-Logo_696x696px-01.jpg","width":696,"height":696,"caption":"TITAN Containers"},"image":{"@id":"https:\/\/titancontainers.ch\/fr\/#\/schema\/logo\/image\/"},"sameAs":["https:\/\/www.facebook.com\/TITANcontainersGlobal","https:\/\/x.com\/TITANContainer","https:\/\/www.linkedin.com\/company\/titan-containers-a-s\/"]}]}},"_links":{"self":[{"href":"https:\/\/titancontainers.ch\/fr\/wp-json\/wp\/v2\/pages\/25003","targetHints":{"allow":["GET"]}}],"collection":[{"href":"https:\/\/titancontainers.ch\/fr\/wp-json\/wp\/v2\/pages"}],"about":[{"href":"https:\/\/titancontainers.ch\/fr\/wp-json\/wp\/v2\/types\/page"}],"author":[{"embeddable":true,"href":"https:\/\/titancontainers.ch\/fr\/wp-json\/wp\/v2\/users\/1"}],"replies":[{"embeddable":true,"href":"https:\/\/titancontainers.ch\/fr\/wp-json\/wp\/v2\/comments?post=25003"}],"version-history":[{"count":2,"href":"https:\/\/titancontainers.ch\/fr\/wp-json\/wp\/v2\/pages\/25003\/revisions"}],"predecessor-version":[{"id":27155,"href":"https:\/\/titancontainers.ch\/fr\/wp-json\/wp\/v2\/pages\/25003\/revisions\/27155"}],"wp:featuredmedia":[{"embeddable":true,"href":"https:\/\/titancontainers.ch\/fr\/wp-json\/wp\/v2\/media\/26925"}],"wp:attachment":[{"href":"https:\/\/titancontainers.ch\/fr\/wp-json\/wp\/v2\/media?parent=25003"}],"curies":[{"name":"wp","href":"https:\/\/api.w.org\/{rel}","templated":true}]}}